{"id":443,"date":"2019-07-21T20:10:23","date_gmt":"2019-07-21T18:10:23","guid":{"rendered":"http:\/\/www.dbsv.uninsubria.it\/antrofismol\/?page_id=443"},"modified":"2023-11-22T22:00:05","modified_gmt":"2023-11-22T21:00:05","slug":"support-staff","status":"publish","type":"page","link":"https:\/\/www.dbsv.uninsubria.it\/antrofismol\/?page_id=443","title":{"rendered":"Support Staff"},"content":{"rendered":"\n<p style=\"font-size:14px\"><strong>Dario Piombino Mascali<\/strong>, <em>PhD<\/em><\/p>\n\n\n\n<figure class=\"wp-block-image is-resized\"><img loading=\"lazy\" decoding=\"async\" width=\"967\" height=\"1024\" src=\"http:\/\/www.dbsv.uninsubria.it\/antrofismol\/wp-content\/uploads\/2018\/02\/Dario-15min-967x1024.jpg\" alt=\"Foto di Dario Piombino-Mascali\" class=\"wp-image-321\" style=\"width:213px;height:225px\" srcset=\"https:\/\/www.dbsv.uninsubria.it\/antrofismol\/wp-content\/uploads\/2018\/02\/Dario-15min-967x1024.jpg 967w, https:\/\/www.dbsv.uninsubria.it\/antrofismol\/wp-content\/uploads\/2018\/02\/Dario-15min-283x300.jpg 283w, https:\/\/www.dbsv.uninsubria.it\/antrofismol\/wp-content\/uploads\/2018\/02\/Dario-15min-768x814.jpg 768w, https:\/\/www.dbsv.uninsubria.it\/antrofismol\/wp-content\/uploads\/2018\/02\/Dario-15min-624x661.jpg 624w, https:\/\/www.dbsv.uninsubria.it\/antrofismol\/wp-content\/uploads\/2018\/02\/Dario-15min.jpg 1145w\" sizes=\"auto, (max-width: 967px) 100vw, 967px\" \/><\/figure>\n\n\n\n<p>Dario Piombino-Mascali, ricercatore senior presso l\u2019Istituto di Biomedicina dell\u2019Universit\u00e0 di Vilnius e docente di paleoantropologia e antropologia forense all\u2019Universit\u00e0 degli Studi di Messina, \u00e8 conservatore scientifico delle celebri Catacombe dei Cappuccini di Palermo.\u00a0Si occupa della paleopatologia delle popolazioni europee di et\u00e0 moderna, con particolare riferimento ai gruppi umani dell\u2019Italia meridionale e insulare. Ha condotto ricerche scientifiche su numerose collezioni mummiologiche e ha fondato il \u201cProgetto Mummie Siciliane\u201d, mirato ad investigare sotto il profilo storico, biomedico e conservativo i reperti in questione. Esploratore della National Geographic Society e co-direttore del Campo-Scuola di Studi sulle Mummie, ha collaborato come divulgatore scientifico con le pi\u00f9 autorevoli testate giornalistiche e televisive nazionali ed internazionali. Recentemente, \u00e8 stato insignito della cittadinanza onoraria del comune di Santa Lucia del Mela, cos\u00ec come del prestigioso Premio Sgroj, assegnatogli dal Liceo Classico \u201cGiuseppe La Farina\u201d di Messina.<\/p>\n\n\n\n<p style=\"font-size:14px\"><\/p>\n\n\n\n<p><\/p>\n","protected":false},"excerpt":{"rendered":"<p>Dario Piombino Mascali, PhD Dario Piombino-Mascali, ricercatore senior presso l\u2019Istituto di Biomedicina dell\u2019Universit\u00e0 di Vilnius e docente di paleoantropologia e antropologia forense all\u2019Universit\u00e0 degli Studi di Messina, \u00e8 conservatore scientifico delle celebri Catacombe dei Cappuccini di Palermo.\u00a0Si occupa della paleopatologia [&hellip;]<\/p>\n","protected":false},"author":2,"featured_media":0,"parent":0,"menu_order":0,"comment_status":"closed","ping_status":"closed","template":"","meta":{"footnotes":""},"class_list":["post-443","page","type-page","status-publish","hentry","clearfix"],"_links":{"self":[{"href":"https:\/\/www.dbsv.uninsubria.it\/antrofismol\/index.php?rest_route=\/wp\/v2\/pages\/443","targetHints":{"allow":["GET"]}}],"collection":[{"href":"https:\/\/www.dbsv.uninsubria.it\/antrofismol\/index.php?rest_route=\/wp\/v2\/pages"}],"about":[{"href":"https:\/\/www.dbsv.uninsubria.it\/antrofismol\/index.php?rest_route=\/wp\/v2\/types\/page"}],"author":[{"embeddable":true,"href":"https:\/\/www.dbsv.uninsubria.it\/antrofismol\/index.php?rest_route=\/wp\/v2\/users\/2"}],"replies":[{"embeddable":true,"href":"https:\/\/www.dbsv.uninsubria.it\/antrofismol\/index.php?rest_route=%2Fwp%2Fv2%2Fcomments&post=443"}],"version-history":[{"count":7,"href":"https:\/\/www.dbsv.uninsubria.it\/antrofismol\/index.php?rest_route=\/wp\/v2\/pages\/443\/revisions"}],"predecessor-version":[{"id":732,"href":"https:\/\/www.dbsv.uninsubria.it\/antrofismol\/index.php?rest_route=\/wp\/v2\/pages\/443\/revisions\/732"}],"wp:attachment":[{"href":"https:\/\/www.dbsv.uninsubria.it\/antrofismol\/index.php?rest_route=%2Fwp%2Fv2%2Fmedia&parent=443"}],"curies":[{"name":"wp","href":"https:\/\/api.w.org\/{rel}","templated":true}]}}