{"id":3805,"date":"2019-03-25T09:48:14","date_gmt":"2019-03-25T08:48:14","guid":{"rendered":"http:\/\/www.dbsv.uninsubria.it\/dbsv\/?page_id=3805"},"modified":"2023-06-01T12:52:11","modified_gmt":"2023-06-01T10:52:11","slug":"invertebrate-biology","status":"publish","type":"page","link":"https:\/\/www.dbsv.uninsubria.it\/dbsv\/?page_id=3805","title":{"rendered":"Invertebrate biology"},"content":{"rendered":"<div><a href=\"http:\/\/www.dbsv.uninsubria.it\/dbsv\/wp-content\/uploads\/2019\/03\/insect-3068310_1280.jpg\"><img loading=\"lazy\" decoding=\"async\" class=\"wp-image-3814 aligncenter\" src=\"http:\/\/www.dbsv.uninsubria.it\/dbsv\/wp-content\/uploads\/2019\/03\/insect-3068310_1280-300x127.jpg\" alt=\"\" width=\"591\" height=\"250\" srcset=\"https:\/\/www.dbsv.uninsubria.it\/dbsv\/wp-content\/uploads\/2019\/03\/insect-3068310_1280-300x127.jpg 300w, https:\/\/www.dbsv.uninsubria.it\/dbsv\/wp-content\/uploads\/2019\/03\/insect-3068310_1280-768x324.jpg 768w, https:\/\/www.dbsv.uninsubria.it\/dbsv\/wp-content\/uploads\/2019\/03\/insect-3068310_1280-1024x432.jpg 1024w, https:\/\/www.dbsv.uninsubria.it\/dbsv\/wp-content\/uploads\/2019\/03\/insect-3068310_1280.jpg 1280w\" sizes=\"auto, (max-width: 591px) 100vw, 591px\" \/><\/a><\/div>\n<div>The research activity is focused on different aspects of insect development and physiology for the development of biotechnological applications. The main topics addressed are 1) the use of dipteran larvae for the bioconversion of organic waste and protein production for feedstuff and development of biomaterials; 2) the identification of molecules for the development of bio-inspired strategies for the control of pest insects; and 2) the study of cell death processes during metamorphosis in holometabolous insects.<br \/>Another line of research is conducted on in vivo and in vitro models of Metazoans in the following areas: 1) study and characterization of cells and molecules involved in innate immune response in annelids; 2) study of the basic mechanisms of cell differentiation and molecular regulation of tissue regeneration in annelids and cnidarian; 3) amyloidogenesis and innate immune response in annelids.<\/div>\n<div class=\"\">\u00a0<\/div>\n<div><strong>Staff and contacts<\/strong><\/div>\n<div>\u00a0<\/div>\n<ul>\n<li style=\"list-style-type: none;\">\n<ul>\n<li style=\"list-style-type: none;\">\n<ul>\n<li>Prof. <span style=\"color: #008000;\"><strong><a style=\"color: #008000;\" href=\"https:\/\/www.uninsubria.it\/hpp\/gianluca.tettamanti\" target=\"_blank\" rel=\"noopener noreferrer\">Gianluca Tettamanti<\/a><\/strong><\/span> (full professor)<\/li>\n<li>Prof. <span style=\"color: #008000;\"><strong><a style=\"color: #008000;\" href=\"https:\/\/www.uninsubria.it\/hpp\/annalisa.grimaldi\" target=\"_blank\" rel=\"noopener noreferrer\">Annalisa Grimaldi<\/a><\/strong><\/span> (associate professor)<\/li>\n<li>Dr. <a href=\"https:\/\/www.uninsubria.it\/hpp\/nicolo.baranzini\" target=\"_blank\" rel=\"noopener\"><span style=\"color: #008000;\"><strong>Nicol\u00f2 Baranzini<\/strong><\/span><\/a> (assistant professor)<\/li>\n<li>Dr. <a href=\"https:\/\/www.uninsubria.it\/hpp\/daniele.bruno\" target=\"_blank\" rel=\"noopener\"><strong><span style=\"color: #008000;\">Daniele Bruno<\/span><\/strong><\/a> (technician)<\/li>\n<li>Dr. <a href=\"https:\/\/www.uninsubria.it\/hpp\/aurora.montali\" target=\"_blank\" rel=\"noopener\"><strong><span style=\"color: #008000;\">Aurora Montali<\/span><\/strong><\/a> (postdoc)<\/li>\n<li>Dr. <a href=\"https:\/\/www.uninsubria.it\/hpp\/laura.pulze\" target=\"_blank\" rel=\"noopener\"><strong><span style=\"color: #008000;\">Laura Pulze<\/span><\/strong><\/a> (postdoc)<\/li>\n<li>Dr. <a href=\"https:\/\/www.uninsubria.it\/hpp\/sara.caramella\" target=\"_blank\" rel=\"noopener\"><strong><span style=\"color: #008000;\">Sara Caramella<\/span><\/strong><\/a> (PhD student)<\/li>\n<\/ul>\n<\/li>\n<\/ul>\n<\/li>\n<\/ul>\n\n\n<p><strong>Find us<\/strong>: Campus Bizzozero; Via Dunant, 3; 21100 Varese; blue floor<\/p>\n\n\n\n<p><a href=\"https:\/\/www.dbsv.uninsubria.it\/zoologia\/\" target=\"_blank\" rel=\"noreferrer noopener\"><strong>Website<\/strong><\/a><\/p>\n\n\n\n<p><strong>Keywords<\/strong>: Circular economy; Development; Innate immunity; Insect biotechnology; Invertebrates; Regeneration<\/p>\n\n\n\n<p><strong>ERC panels<\/strong>: LS3_7 Cell death and autophagy; LS9_1 Applied biotechnology; LS8_2 Biodiversity, conservation biology, conservation genetics; LS6_1 Innate immunity in animals and plants; LS3_1 Morphology and functional imaging of cells and tissues<\/p>\n\n\n\n<p><strong>Collaborations<\/strong>: Universit\u00e0 degli Studi di Milano; Universit\u00e0 degli Studi di Padova; Universit\u00e0 degli Studi di Napoli \u201cFederico II\u201d; Politecnico di Milano; KU Leuven; Cairo University; South China Agricultural University; Universit\u00e0 degli Studi di Palermo; Universit\u00e0 degli Studi di Bologna; Universit\u00e0 di Modena e Reggio Emilia, University of Lille; Universit\u00e9 Claude Bernard Lyon 1; University of Pecs; Aarhus University.<\/p>\n","protected":false},"excerpt":{"rendered":"<p>The research activity is focused on different aspects of insect development and physiology for the development of biotechnological applications. The main topics addressed are 1) the use of dipteran larvae for the bioconversion of organic waste and protein production for feedstuff and development of biomaterials; 2) the identification of molecules for the development of bio-inspired &hellip; <a href=\"https:\/\/www.dbsv.uninsubria.it\/dbsv\/?page_id=3805\" class=\"more-link\">Continua a leggere <span class=\"screen-reader-text\">Invertebrate biology<\/span><\/a><\/p>\n","protected":false},"author":1,"featured_media":0,"parent":0,"menu_order":0,"comment_status":"closed","ping_status":"closed","template":"","meta":{"footnotes":""},"class_list":["post-3805","page","type-page","status-publish","hentry"],"_links":{"self":[{"href":"https:\/\/www.dbsv.uninsubria.it\/dbsv\/index.php?rest_route=\/wp\/v2\/pages\/3805","targetHints":{"allow":["GET"]}}],"collection":[{"href":"https:\/\/www.dbsv.uninsubria.it\/dbsv\/index.php?rest_route=\/wp\/v2\/pages"}],"about":[{"href":"https:\/\/www.dbsv.uninsubria.it\/dbsv\/index.php?rest_route=\/wp\/v2\/types\/page"}],"author":[{"embeddable":true,"href":"https:\/\/www.dbsv.uninsubria.it\/dbsv\/index.php?rest_route=\/wp\/v2\/users\/1"}],"replies":[{"embeddable":true,"href":"https:\/\/www.dbsv.uninsubria.it\/dbsv\/index.php?rest_route=%2Fwp%2Fv2%2Fcomments&post=3805"}],"version-history":[{"count":15,"href":"https:\/\/www.dbsv.uninsubria.it\/dbsv\/index.php?rest_route=\/wp\/v2\/pages\/3805\/revisions"}],"predecessor-version":[{"id":4857,"href":"https:\/\/www.dbsv.uninsubria.it\/dbsv\/index.php?rest_route=\/wp\/v2\/pages\/3805\/revisions\/4857"}],"wp:attachment":[{"href":"https:\/\/www.dbsv.uninsubria.it\/dbsv\/index.php?rest_route=%2Fwp%2Fv2%2Fmedia&parent=3805"}],"curies":[{"name":"wp","href":"https:\/\/api.w.org\/{rel}","templated":true}]}}