{"id":3846,"date":"2019-03-25T13:35:12","date_gmt":"2019-03-25T12:35:12","guid":{"rendered":"http:\/\/www.dbsv.uninsubria.it\/dbsv\/?page_id=3846"},"modified":"2023-06-01T14:53:25","modified_gmt":"2023-06-01T12:53:25","slug":"microbial-biotechnology","status":"publish","type":"page","link":"https:\/\/www.dbsv.uninsubria.it\/dbsv\/?page_id=3846","title":{"rendered":"Microbial Biotechnology"},"content":{"rendered":"<p><a href=\"http:\/\/www.dbsv.uninsubria.it\/dbsv\/wp-content\/uploads\/2019\/03\/1476810915_2309_00_800-002.jpg\"><img loading=\"lazy\" decoding=\"async\" class=\"wp-image-3850 aligncenter\" src=\"http:\/\/www.dbsv.uninsubria.it\/dbsv\/wp-content\/uploads\/2019\/03\/1476810915_2309_00_800-002-300x225.jpg\" alt=\"\" width=\"487\" height=\"365\" srcset=\"https:\/\/www.dbsv.uninsubria.it\/dbsv\/wp-content\/uploads\/2019\/03\/1476810915_2309_00_800-002-300x225.jpg 300w, https:\/\/www.dbsv.uninsubria.it\/dbsv\/wp-content\/uploads\/2019\/03\/1476810915_2309_00_800-002-768x576.jpg 768w, https:\/\/www.dbsv.uninsubria.it\/dbsv\/wp-content\/uploads\/2019\/03\/1476810915_2309_00_800-002.jpg 800w\" sizes=\"auto, (max-width: 487px) 100vw, 487px\" \/><\/a><\/p>\n<p>The focus of the group is on genetic engineering approaches applied to fermentation processes of microorganisms of industrial relevance, aimed at producing secondary metabolites (antibiotics), bioactive peptides and proteins.<\/p>\n<p><strong>Staff and contacts<\/strong><\/p>\n<ul>\n<li style=\"list-style-type: none;\">\n<ul>\n<li style=\"list-style-type: none;\">\n<ul>\n<li>Prof. <span style=\"color: #008000;\"><strong><a style=\"color: #008000;\" href=\"https:\/\/www.uninsubria.it\/hpp\/flavia.marinelli\" target=\"_blank\" rel=\"noopener noreferrer\">Flavia Marinelli<\/a><\/strong><\/span> (full professor)<\/li>\n<li>Dr. <a href=\"https:\/\/www.uninsubria.it\/hpp\/francesca.berini\" target=\"_blank\" rel=\"noopener noreferrer\"><span style=\"color: #008000;\"><strong>Francesca Berini<\/strong><\/span><\/a> (researcher)<\/li>\n<li>Dr. <a href=\"https:\/\/www.uninsubria.it\/hpp\/elisa.binda\" target=\"_blank\" rel=\"noopener\"><strong><span style=\"color: #008000;\">Elisa Binda<\/span><\/strong><\/a> (technician)<\/li>\n<li>Dr. <a href=\"https:\/\/www.uninsubria.it\/hpp\/oleksandr.yushchuk\" target=\"_blank\" rel=\"noopener\"><strong><span style=\"color: #008000;\">Oleksandr Yushchuk<\/span><\/strong><\/a> (postdoctoral fellow)<\/li>\n<li>Dr. <strong><span style=\"color: #008000;\"><a style=\"color: #008000;\" href=\"https:\/\/www.uninsubria.it\/hpp\/ana.simatovic\" target=\"_blank\" rel=\"noopener\">Ana Simatovic<\/a><\/span><\/strong> (postdoctoral fellow)<\/li>\n<li>Dr. <strong><span style=\"color: #008000;\"><a style=\"color: #008000;\" href=\"https:\/\/www.uninsubria.it\/hpp\/melissa.bisaccia\" target=\"_blank\" rel=\"noopener\">Melissa Bisaccia<\/a><\/span><\/strong> (PhD student)<\/li>\n<li>Dr. <a href=\"https:\/\/www.uninsubria.it\/hpp\/luca.mellere\" target=\"_blank\" rel=\"noopener\"><strong><span style=\"color: #008000;\">Luca Mellere<\/span><\/strong><\/a> (PhD student)<\/li>\n<li>Dr. <a href=\"https:\/\/www.uninsubria.it\/hpp\/letizia.bartolone\" target=\"_blank\" rel=\"noopener\"><strong><span style=\"color: #008000;\">Letizia Bartolone<\/span><\/strong><\/a> (postgraduate fellow)<\/li>\n<li>Dr. <strong><span style=\"color: #008000;\"><a style=\"color: #008000;\" href=\"https:\/\/www.uninsubria.it\/hpp\/lorenzo.tonin\" target=\"_blank\" rel=\"noopener\">Lorenzo Tonin<\/a><\/span><\/strong> (PhD student)<\/li>\n<li>Dr. <strong><span style=\"color: #008000;\">Davide Malacarne<\/span><\/strong> (postgraduate fellow)<\/li>\n<li>Dr. <strong><span style=\"color: #008000;\">Luciano Gastaldo<\/span><\/strong> (guest)<\/li>\n<\/ul>\n<\/li>\n<\/ul>\n<\/li>\n<\/ul>\n<p><strong>Find us<\/strong>: Campus Bizzozero; Via Dunant, 3; 21100 Varese; yellow and purple floor<\/p>\n<p><a href=\"https:\/\/www.dbsv.uninsubria.it\/microbiotec\/\" target=\"_blank\" rel=\"noopener noreferrer\"><strong>Group website<\/strong><\/a><\/p>\n<p><strong>Keywords<\/strong>:\u00a0Microbial biodiversity, Fermentation, Antibiotics, Glycopeptides, Antibiotic resistance, Actinomycetes, Heterologous expression, Metagenomics, Bioinsecticides<\/p>\n<p><strong>ERC sectors<\/strong>: LS9_1 Applied biotechnology (including transgenic organisms, applied genetics and genomics, biosensors, bioreactors, microbiology, and bioactive compounds). LS9_2 Applied bioengineering, synthetic biology, chemical biology, nanobiotechnology, metabolic engineering, protein and glyco-engineering, tissue engineering, biocatalysis, biomimetics. LS6_7 Biological basis of prevention and treatment of infection (e.g. infection natural cycle, reservoirs, vectors, vaccines, antimicrobials)<\/p>\n<p><strong>Our collaborations<\/strong>:\u00a0Department of Food, Environmental and Nutritional Sciences, and Department of Biosciences, University of Milan, Milan Italy; BioC-CheM Solutions Srl Gerenzano, Varese Italy; Department of Biological and Environmental\u00a0Sciences and Technologies, Salento University, Lecce Italy; Enea, Casaccia, Rome Italy; Coastal marine environment institute, CNR, Messina Italy;\u00a0Water Research Institute, CNR-IRSA, Verbania Italy; Zurich University of Applied Sciences,\u00a0Wa\u0308denswil Switzerland; Department of Biotechnology, University of Chemistry and Technology, Prague Czech Republic;\u00a0Department of Molecular Microbiology, John Innes Centre, Norwich UK;\u00a0Microbial Genomics and Biotechnology Center for Biotechnology (CeBiTec),\u00a0Universit\u00e4t Bielefeld, Bielefeld Germany; Division of Physical Chemistry, Ru\u0111er Bo\u0161kovi\u0107 Institute, Zagreb Croatia; MIGAL Galilee Research Institute, Kiryat-Shmona Israel; Departamento de Qu\u00edmica Org\u00e1nica y Farmac\u00e9utica Universidad Complutense de Madrid, Madrid Spain; Department of Genetics and Biotechnology, Ivan Franko National University of Lviv, Lviv Ukraine; Instituto de Biotecnolog\u00eda y Biolog\u00eda Molecular (IBBM) Facultad de Ciencias Exactas,\u00a0La Plata, Buenos Aires Argentina; Technische Universit\u00e4t Berlin, Berlin Germany.<\/p>\n","protected":false},"excerpt":{"rendered":"<p>The focus of the group is on genetic engineering approaches applied to fermentation processes of microorganisms of industrial relevance, aimed at producing secondary metabolites (antibiotics), bioactive peptides and proteins. Staff and contacts Prof. Flavia Marinelli (full professor) Dr. Francesca Berini (researcher) Dr. Elisa Binda (technician) Dr. Oleksandr Yushchuk (postdoctoral fellow) Dr. Ana Simatovic (postdoctoral fellow) &hellip; <a href=\"https:\/\/www.dbsv.uninsubria.it\/dbsv\/?page_id=3846\" class=\"more-link\">Continua a leggere <span class=\"screen-reader-text\">Microbial Biotechnology<\/span><\/a><\/p>\n","protected":false},"author":1,"featured_media":0,"parent":0,"menu_order":0,"comment_status":"closed","ping_status":"closed","template":"","meta":{"footnotes":""},"class_list":["post-3846","page","type-page","status-publish","hentry"],"_links":{"self":[{"href":"https:\/\/www.dbsv.uninsubria.it\/dbsv\/index.php?rest_route=\/wp\/v2\/pages\/3846","targetHints":{"allow":["GET"]}}],"collection":[{"href":"https:\/\/www.dbsv.uninsubria.it\/dbsv\/index.php?rest_route=\/wp\/v2\/pages"}],"about":[{"href":"https:\/\/www.dbsv.uninsubria.it\/dbsv\/index.php?rest_route=\/wp\/v2\/types\/page"}],"author":[{"embeddable":true,"href":"https:\/\/www.dbsv.uninsubria.it\/dbsv\/index.php?rest_route=\/wp\/v2\/users\/1"}],"replies":[{"embeddable":true,"href":"https:\/\/www.dbsv.uninsubria.it\/dbsv\/index.php?rest_route=%2Fwp%2Fv2%2Fcomments&post=3846"}],"version-history":[{"count":10,"href":"https:\/\/www.dbsv.uninsubria.it\/dbsv\/index.php?rest_route=\/wp\/v2\/pages\/3846\/revisions"}],"predecessor-version":[{"id":4863,"href":"https:\/\/www.dbsv.uninsubria.it\/dbsv\/index.php?rest_route=\/wp\/v2\/pages\/3846\/revisions\/4863"}],"wp:attachment":[{"href":"https:\/\/www.dbsv.uninsubria.it\/dbsv\/index.php?rest_route=%2Fwp%2Fv2%2Fmedia&parent=3846"}],"curies":[{"name":"wp","href":"https:\/\/api.w.org\/{rel}","templated":true}]}}