{"id":4278,"date":"2020-06-15T13:16:23","date_gmt":"2020-06-15T11:16:23","guid":{"rendered":"http:\/\/www.dbsv.uninsubria.it\/dbsv\/?page_id=4278"},"modified":"2020-06-15T14:02:48","modified_gmt":"2020-06-15T12:02:48","slug":"strumentazione","status":"publish","type":"page","link":"https:\/\/www.dbsv.uninsubria.it\/dbsv\/?page_id=4278","title":{"rendered":"Strumentazione"},"content":{"rendered":"<p><a href=\"https:\/\/www.uninsubria.it\/node\/479\" target=\"_blank\" rel=\"noopener noreferrer\"><strong><span style=\"color: #0000ff;\">Laboratorio di acquacoltura<\/span><\/strong><\/a><br \/>\n<em>Impianto pilota a ricircuitazione dell&#8217;acqua &#8211; Acquari per esperimenti su stadi larvali &#8211; Tunnel respirometrico &#8211; Laboratorio per analisi nutrigenomiche e microbiomiche<\/em><\/p>\n<p><span style=\"color: #0000ff;\"><a style=\"color: #0000ff;\" href=\"https:\/\/www.uninsubria.it\/node\/7430\" target=\"_blank\" rel=\"noopener noreferrer\"><strong>Laboratorio di acquisizione di immagini<\/strong><\/a><\/span><br \/>\n<em>Piattaforma per western blot quantitativo &#8211; Densitometro<\/em><\/p>\n<p><span style=\"color: #0000ff;\"><a style=\"color: #0000ff;\" href=\"https:\/\/www.uninsubria.it\/node\/486\" target=\"_blank\" rel=\"noopener noreferrer\"><strong>Laboratorio di analisi quantitative e crioconservazione di linee cellulari<\/strong><\/a><\/span><br \/>\n<em>Lettore di piastra in assorbanza, fluorescenza e luminescenza &#8211; Spettrofotometro per quantificazione acidi nucleici &#8211; Real time PCR &#8211; Fluorometro per quantificazione acidi nucleici<\/em><\/p>\n<p><a href=\"https:\/\/www.uninsubria.it\/node\/488\" target=\"_blank\" rel=\"noopener noreferrer\"><strong><span style=\"color: #0000ff;\">Laboratorio di biochimica delle proteine &#8220;The Protein Factory 2.0&#8221;<\/span><\/strong><\/a><br \/>\n<em>Sistemi cormatografici FPLC &#8211; Dicroismo circolare &#8211; Sistema per pipettaggio automatico e distribuzione di liquidi &#8211; HPLC &#8211; Spettrofluorimetro\u00a0<\/em><\/p>\n<p><a href=\"https:\/\/www.uninsubria.it\/node\/494\" target=\"_blank\" rel=\"noopener noreferrer\"><strong><span style=\"color: #0000ff;\">Laboratorio di botanica ambientale e applicata<\/span><\/strong><\/a><br \/>\n<em>Theta probe &#8211; Sliding microtome &#8211; Stereomicroscope &#8211; Pressure chamber &#8211; steady state Porometer &#8211; <\/em><em style=\"font-size: inherit;\">Portable fluorometer &#8211; Increment borers &#8211; Resistograph &#8211; Leaf gas exchange &#8211; Infrared camera &#8211; Homogenizer &#8211; Refractometer &#8211; Spectrometer &#8211; Plant growth chambers\u00a0<\/em><\/p>\n<p><a href=\"https:\/\/www.uninsubria.it\/node\/520\" target=\"_blank\" rel=\"noopener noreferrer\"><strong><span style=\"color: #0000ff;\">Laboratorio di chimica analitica<\/span><\/strong><\/a><br \/>\n<em>Assorbimento atomico<\/em><em> &#8211; HPLC &#8211; GC-MS &#8211; Spin coater<\/em><\/p>\n<p><strong><a href=\"https:\/\/www.uninsubria.it\/node\/487\" target=\"_blank\" rel=\"noopener noreferrer\"><span style=\"color: #0000ff;\">Laboratorio di chimica delle fermentazioni<\/span><\/a><br \/>\n<\/strong><em>Fermentatori &#8211; Agitatori termostatati &#8211; HPLC &#8211; FPLC &#8211; Stereoscopio<\/em><strong><br \/>\n<\/strong><\/p>\n<p><span style=\"color: #0000ff;\"><strong><a href=\"https:\/\/www.uninsubria.it\/node\/493\" target=\"_blank\" rel=\"noopener noreferrer\"><span style=\"color: #0000ff;\">Laboratorio di colture cellulari<\/span><\/a><br \/>\n<\/strong><em><span style=\"color: #000000;\">Incubatori CO2 <\/span><\/em><strong><br \/>\n<\/strong><\/span><\/p>\n<p><a href=\"https:\/\/www.uninsubria.it\/node\/492\" target=\"_blank\" rel=\"noopener noreferrer\"><strong><span style=\"color: #0000ff;\">Laboratorio di elettrofisiologia<\/span><\/strong><\/a><br \/>\n<span style=\"color: #0000ff;\"><em><span style=\"color: #000000;\">Voltage clamp &#8211; Patch clamp &#8211; Stazioni per microiniezioni\u00a0<\/span><\/em><\/span><\/p>\n<p><a href=\"https:\/\/www.uninsubria.it\/node\/532\" target=\"_blank\" rel=\"noopener noreferrer\"><strong><span style=\"color: #0000ff;\">Laboratorio di farmacologia antineoplastica<\/span><\/strong><\/a><br \/>\n<em>Citofluorimetro &#8211; Incubatore CO2<\/em><\/p>\n<p><span style=\"color: #0000ff;\"><a style=\"color: #0000ff;\" href=\"https:\/\/www.uninsubria.it\/node\/521\" target=\"_blank\" rel=\"noopener noreferrer\"><strong>Laboratorio di genetica umana<\/strong><\/a><\/span><br \/>\n<em>Vasche elettroforetiche orizzontali &#8211; Cella elettroforetica verticale &#8211; Cooler box<\/em><\/p>\n<p><a href=\"https:\/\/www.uninsubria.it\/node\/542\" target=\"_blank\" rel=\"noopener noreferrer\"><strong><span style=\"color: #0000ff;\">Laboratorio di immunologia e patologia generale<\/span><\/strong><\/a><br \/>\n<em>Incubatore CO2<\/em><\/p>\n<p><span style=\"color: #0000ff;\"><a style=\"color: #0000ff;\" href=\"https:\/\/www.uninsubria.it\/node\/523\" target=\"_blank\" rel=\"noopener noreferrer\"><strong>Laboratorio di microbiologia applicata<\/strong><\/a><\/span><br \/>\n<em>Unit\u00e1 di illuminazione a LED\u00a0<\/em><\/p>\n<p><a href=\"https:\/\/www.uninsubria.it\/node\/485\" target=\"_blank\" rel=\"noopener noreferrer\"><strong><span style=\"color: #0000ff;\">Laboratorio di microscopia ottica ed elettronica<\/span><\/strong><\/a><br \/>\n<em>Microtomo &#8211; Ultramicrotomi &#8211; Criostato &#8211; Microscopi a fluorescenza &#8211; Microscopio elettronico a trasmissione &#8211; Stereomicroscopi<\/em><\/p>\n<p><a href=\"https:\/\/www.uninsubria.it\/node\/533\" target=\"_blank\" rel=\"noopener noreferrer\"><strong><span style=\"color: #0000ff;\">Laboratorio di neurofisiologia cellulare<\/span><\/strong><\/a><br \/>\n<em>Patch clamp &#8211; Vibroslicer<\/em><\/p>\n<p><span style=\"color: #0000ff;\"><a style=\"color: #0000ff;\" href=\"https:\/\/www.uninsubria.it\/node\/7493\" target=\"_blank\" rel=\"noopener noreferrer\"><strong>Laboratorio di patologia e chirurga dell&#8217;apparato locomotore<\/strong><\/a><\/span><br \/>\n<em>Microtomo &#8211; Unit\u00e1 di taglio con sega a nastro &#8211; Unit\u00e1 di polimerizzazione &#8211; Unit\u00e1 di abrasione\u00a0\u00a0<\/em><\/p>\n<p><span style=\"color: #0000ff;\"><a style=\"color: #0000ff;\" href=\"https:\/\/www.uninsubria.it\/node\/489\" target=\"_blank\" rel=\"noopener noreferrer\"><strong>Laboratorio di proteomica<\/strong><\/a><\/span><br \/>\n<em>Piattaforma proteomica &#8211; Western blot system &#8211; Spettrometro di massa a trappola lineare\u00a0<\/em><\/p>\n<p><strong><a href=\"https:\/\/www.uninsubria.it\/node\/7377\" target=\"_blank\" rel=\"noopener noreferrer\"><span style=\"color: #0000ff;\">Laboratorio per la sterilizzazione<\/span><\/a><br \/>\n<\/strong><em>Autoclavi<\/em><\/p>\n","protected":false},"excerpt":{"rendered":"<p>Laboratorio di acquacoltura Impianto pilota a ricircuitazione dell&#8217;acqua &#8211; Acquari per esperimenti su stadi larvali &#8211; Tunnel respirometrico &#8211; Laboratorio per analisi nutrigenomiche e microbiomiche Laboratorio di acquisizione di immagini Piattaforma per western blot quantitativo &#8211; Densitometro Laboratorio di analisi quantitative e crioconservazione di linee cellulari Lettore di piastra in assorbanza, fluorescenza e luminescenza &#8211; &hellip; <a href=\"https:\/\/www.dbsv.uninsubria.it\/dbsv\/?page_id=4278\" class=\"more-link\">Continua a leggere <span class=\"screen-reader-text\">Strumentazione<\/span><\/a><\/p>\n","protected":false},"author":1,"featured_media":0,"parent":0,"menu_order":0,"comment_status":"closed","ping_status":"closed","template":"","meta":{"footnotes":""},"class_list":["post-4278","page","type-page","status-publish","hentry"],"_links":{"self":[{"href":"https:\/\/www.dbsv.uninsubria.it\/dbsv\/index.php?rest_route=\/wp\/v2\/pages\/4278","targetHints":{"allow":["GET"]}}],"collection":[{"href":"https:\/\/www.dbsv.uninsubria.it\/dbsv\/index.php?rest_route=\/wp\/v2\/pages"}],"about":[{"href":"https:\/\/www.dbsv.uninsubria.it\/dbsv\/index.php?rest_route=\/wp\/v2\/types\/page"}],"author":[{"embeddable":true,"href":"https:\/\/www.dbsv.uninsubria.it\/dbsv\/index.php?rest_route=\/wp\/v2\/users\/1"}],"replies":[{"embeddable":true,"href":"https:\/\/www.dbsv.uninsubria.it\/dbsv\/index.php?rest_route=%2Fwp%2Fv2%2Fcomments&post=4278"}],"version-history":[{"count":5,"href":"https:\/\/www.dbsv.uninsubria.it\/dbsv\/index.php?rest_route=\/wp\/v2\/pages\/4278\/revisions"}],"predecessor-version":[{"id":4285,"href":"https:\/\/www.dbsv.uninsubria.it\/dbsv\/index.php?rest_route=\/wp\/v2\/pages\/4278\/revisions\/4285"}],"wp:attachment":[{"href":"https:\/\/www.dbsv.uninsubria.it\/dbsv\/index.php?rest_route=%2Fwp%2Fv2%2Fmedia&parent=4278"}],"curies":[{"name":"wp","href":"https:\/\/api.w.org\/{rel}","templated":true}]}}