{"id":4909,"date":"2023-06-05T13:05:20","date_gmt":"2023-06-05T11:05:20","guid":{"rendered":"https:\/\/www.dbsv.uninsubria.it\/dbsv\/?page_id=4909"},"modified":"2023-06-05T15:15:41","modified_gmt":"2023-06-05T13:15:41","slug":"polymer-chemistry-and-sustainable-catalysis","status":"publish","type":"page","link":"https:\/\/www.dbsv.uninsubria.it\/dbsv\/?page_id=4909","title":{"rendered":"Polymer Chemistry and Sustainable Catalysis"},"content":{"rendered":"\n<p>The research activity of the group concerns the synthesis and characterization of nanostructured polymer materials. In particular, it focuses on the mechanistic investigation of polymerization reactions for the synthesis of polymers having controlled microstructure as well as on the study of structure-properties relationships. Moreover, we are interested in the design and synthesis, via sustainable catalysis, of polymers derived from molecules obtained from industrial waste and\/or renewable sources.<\/p>\n\n\n<ul>\n<li style=\"list-style-type: none;\">\n<ul>\n<li style=\"list-style-type: none;\">\n<ul>\n<li><span style=\"color: #000000;\">Prof. <a href=\"https:\/\/www.uninsubria.eu\/hpp\/lorella.izzo\" target=\"_blank\" rel=\"noopener\"><span style=\"color: #008000;\"><strong>Lorella Izzo<\/strong><\/span><\/a> (associate professor)<\/span><\/li>\n<li><span style=\"color: #000000;\">Dr. <a href=\"https:\/\/www.uninsubria.it\/hpp\/francesco.della-monica\" target=\"_blank\" rel=\"noopener\"><span style=\"color: #008000;\"><strong>Francesco Della Monica<\/strong><\/span><\/a> (assistant professor \u2013 RTDb)<\/span><\/li>\n<li><span style=\"color: #000000;\">Dr. <a href=\"https:\/\/www.uninsubria.it\/hpp\/orlando.santoro\" target=\"_blank\" rel=\"noopener\"><span style=\"color: #008000;\"><strong>Orlando Santoro<\/strong><\/span><\/a> (research fellow \u2013 RTDa)<\/span><\/li>\n<li><span style=\"color: #000000;\">Dr. <a href=\"https:\/\/www.uninsubria.it\/hpp\/aniello.vittore\" target=\"_blank\" rel=\"noopener\"><span style=\"color: #008000;\"><strong>Aniello Vittore<\/strong><\/span><\/a> (PhD student)<\/span><\/li>\n<\/ul>\n<\/li>\n<\/ul>\n<\/li>\n<\/ul>\n\n\n<p><strong>Keywords<\/strong>: Polymer Chemistry, Sustainable Catalysis<\/p>\n\n\n\n<p><strong>ERC sectors:<\/strong>PE5_7 (Biomaterials)\/PE5_1 (Structural properties of materials), PE5_14 (Homogeneous Catalysis) PE5_15 (Polymer chemistry)<\/p>\n\n\n\n<p><strong>Collaborations:<\/strong>&nbsp;University of Toulouse (France), Universit\u00e0 degli Studi di Salerno, Universit\u00e0 degli Studi di Siena, Universit\u00e0 degli Studi di Pavia, Universit\u00e0 degli Studi del Sannio, Universit\u00e0 degli Studi di Bologna<\/p>\n","protected":false},"excerpt":{"rendered":"<p>The research activity of the group concerns the synthesis and characterization of nanostructured polymer materials. In particular, it focuses on the mechanistic investigation of polymerization reactions for the synthesis of polymers having controlled microstructure as well as on the study of structure-properties relationships. Moreover, we are interested in the design and synthesis, via sustainable catalysis, &hellip; <a href=\"https:\/\/www.dbsv.uninsubria.it\/dbsv\/?page_id=4909\" class=\"more-link\">Continua a leggere <span class=\"screen-reader-text\">Polymer Chemistry and Sustainable Catalysis<\/span><\/a><\/p>\n","protected":false},"author":5,"featured_media":0,"parent":0,"menu_order":0,"comment_status":"closed","ping_status":"closed","template":"","meta":{"footnotes":""},"class_list":["post-4909","page","type-page","status-publish","hentry"],"_links":{"self":[{"href":"https:\/\/www.dbsv.uninsubria.it\/dbsv\/index.php?rest_route=\/wp\/v2\/pages\/4909","targetHints":{"allow":["GET"]}}],"collection":[{"href":"https:\/\/www.dbsv.uninsubria.it\/dbsv\/index.php?rest_route=\/wp\/v2\/pages"}],"about":[{"href":"https:\/\/www.dbsv.uninsubria.it\/dbsv\/index.php?rest_route=\/wp\/v2\/types\/page"}],"author":[{"embeddable":true,"href":"https:\/\/www.dbsv.uninsubria.it\/dbsv\/index.php?rest_route=\/wp\/v2\/users\/5"}],"replies":[{"embeddable":true,"href":"https:\/\/www.dbsv.uninsubria.it\/dbsv\/index.php?rest_route=%2Fwp%2Fv2%2Fcomments&post=4909"}],"version-history":[{"count":9,"href":"https:\/\/www.dbsv.uninsubria.it\/dbsv\/index.php?rest_route=\/wp\/v2\/pages\/4909\/revisions"}],"predecessor-version":[{"id":4928,"href":"https:\/\/www.dbsv.uninsubria.it\/dbsv\/index.php?rest_route=\/wp\/v2\/pages\/4909\/revisions\/4928"}],"wp:attachment":[{"href":"https:\/\/www.dbsv.uninsubria.it\/dbsv\/index.php?rest_route=%2Fwp%2Fv2%2Fmedia&parent=4909"}],"curies":[{"name":"wp","href":"https:\/\/api.w.org\/{rel}","templated":true}]}}