{"id":87,"date":"2015-01-12T13:44:59","date_gmt":"2015-01-12T13:44:59","guid":{"rendered":"http:\/\/www.dbsv.uninsubria.it\/ecoveg\/?page_id=87"},"modified":"2015-01-12T13:44:59","modified_gmt":"2015-01-12T13:44:59","slug":"progetto-p-o-a","status":"publish","type":"page","link":"https:\/\/www.dbsv.uninsubria.it\/ecoveg\/?page_id=87","title":{"rendered":"Progetto P.O.A."},"content":{"rendered":"<p><strong>Progetto <\/strong><strong><em>P.O.A \u201cProduzione Ottimizzata Autoctone\u201d <\/em><\/strong><em>(produzione di<\/em> <em>fiorume autoctono certificato da prati ad alta biodiversit\u00e0)<\/em>Il progetto<\/p>\n<p>Il progetto P.O.A. \u00e8 finalizzato a:<br \/>\n1. conservazione, recupero e creazione di fitocenosi di pregio in termini di biodiversit\u00e0 e paesaggio:<br \/>\n\u2022 recuperando in pianura prati stabili polifiti ad alta biodiversit\u00e0 il cui mantenimento comporta al momento solo oneri gestionali, associando un concreto vantaggio economico tramite la commercializzazione di fiorume;<br \/>\n\u2022 recuperando terreni attualmente inutilizzati perch\u00e9 non redditizi, avviandoli alla produzione di fiorume e possibilmente attivando nuovamente pratiche tradizionali di gestione del paesaggio agrario;<br \/>\n\u2022 creando le premesse per ottemperare alle indicazioni per la realizzazione della RER relativamente ai seguenti elementi primari: mantenimento zone a prato e pascolo; disincentivo al rimboschimento dei prati ad elevata biodiversit\u00e0; mantenimento della destinazione agricola del territorio; mantenimento dell\u2019agricoltura estensiva e in particolare dei prati da sfalcio.<\/p>\n<p>2. creazione delle condizioni per la immissione sul mercato del nuovo prodotto \u201cfiorume\u201d utilizzabile ad ampio raggio nella pianura e nei fondovalle della Lombardia. In questo ambito si prevede la messa a punto delle basi per la creazione della filiera agricola e produttiva per il prodotto \u201cfiorume\u201d:<br \/>\n\u2022 rispondendo alle esigenze evidenziate dagli agricoltori di differenziare il prodotto \u201cagricolo\u201d di qualit\u00e0 del territorio lombardo;<br \/>\n\u2022 verificando l\u2019applicabilit\u00e0 nel nostro contesto di quanto avviene in altri Paesi europei (ad es. Austria, Gran Bretagna) con particolare riferimento alle modalit\u00e0 di organizzazione degli agricoltori in cooperative o comunque in sistemi atti a ricevere e soddisfare gli ordini acquisendo il materiale necessario dai singoli agricoltori;<br \/>\n\u2022 avviando la predisposizione di un registro dei prati donatori di fiorume di alta qualit\u00e0, esteso sull\u2019intera Lombardia.<\/p>\n<p>Obbiettivi specifici del progetto:<\/p>\n<p>1) caratterizzare i prati donatori gi\u00e0 individuati nel modo pi\u00f9 completo possibile (flora,vegetazione, modalit\u00e0 di gestione, logistica, valore foraggero, suolo, ecc.);<\/p>\n<p>2) raccogliere fiorume autoctono certificato e caratterizzato, da almeno 20ha di prati donatori per tre anni con produzione stimata di almeno 800Kg\/anno;<\/p>\n<p>3) creare con il fiorume raccolto nuovi prati donatori o migliorare quelli esistenti, applicando tecniche di intervento in uso in altri Paesi Europei;<\/p>\n<p>4) valutare il successo degli interventi anche in termini economici;<\/p>\n<p>5) mettere a punto test speditivi e semplificati per la caratterizzazione dei prati donatori;<\/p>\n<p>6) impostare ed avviare una filiera produttiva per la raccolta del fiorume;<\/p>\n<p>7) allestire il Registro Lombardo del Prati Donatori;<\/p>\n<p>8) stendere piani d\u2019azione e linee guida per incentivare e promuovere la creazione e\/o il miglioramento dei prati ad alta biodiversit\u00e0 in funzione della produzione di fiorume.<\/p>\n<p>Durata: 2012-2015<\/p>\n<p>Finanziato da: Fondazione Cariplo<\/p>\n<p>Capofila: <a title=\"Fondazione Fojanini\" href=\"http:\/\/fondazionefojanini.provincia.so.it\/\" target=\"_blank\">Fondazione Fojanini (Sondrio)<\/a><\/p>\n<p>Partner del progetto:<\/p>\n<p><a title=\"CFA\" href=\"http:\/\/www.parcobarro.lombardia.it\/_cfa\/\" target=\"_blank\">Centro Flora Autoctona (CFA)\u00a0c\/o Parco Monte Barro<\/a><\/p>\n<p><a title=\"Universit\u00e0 dell'Insubria\" href=\"http:\/\/www4.uninsubria.it\/on-line\/home.html\" target=\"_blank\">Universit\u00e0 degli Studi dell&#8217;Insubria<\/a><\/p>\n<p><a title=\"Fondazione Minoprio\" href=\"http:\/\/www.fondazioneminoprio.it\/index.php?lang=it\" target=\"_blank\">Fondazione Minoprio<\/a><\/p>\n<p><a title=\"Parco Valle Lanza\" href=\"http:\/\/www.parcovallelanza.com\/www.parcovallelanza.com\/INFO.html\" target=\"_blank\">Parco Valle del Lanza <\/a><\/p>\n<p><a title=\"Parco del Lura\" href=\"http:\/\/www.parcolura.it\/\" target=\"_blank\">Parco del Lura<\/a><\/p>\n<p>&nbsp;<\/p>\n","protected":false},"excerpt":{"rendered":"<p>Progetto P.O.A \u201cProduzione Ottimizzata Autoctone\u201d (produzione di fiorume autoctono certificato da prati ad alta biodiversit\u00e0)Il progetto Il progetto P.O.A. \u00e8 finalizzato a: 1. conservazione, recupero e creazione di fitocenosi di pregio in termini di biodiversit\u00e0 e paesaggio: \u2022 recuperando in pianura prati stabili polifiti ad alta biodiversit\u00e0 il cui mantenimento comporta al momento solo oneri &hellip; <a href=\"https:\/\/www.dbsv.uninsubria.it\/ecoveg\/?page_id=87\" class=\"more-link\">Continua la lettura di <span class=\"screen-reader-text\">Progetto P.O.A.<\/span> <span class=\"meta-nav\">&rarr;<\/span><\/a><\/p>\n","protected":false},"author":1,"featured_media":0,"parent":0,"menu_order":0,"comment_status":"closed","ping_status":"closed","template":"","meta":{"footnotes":""},"class_list":["post-87","page","type-page","status-publish","hentry"],"_links":{"self":[{"href":"https:\/\/www.dbsv.uninsubria.it\/ecoveg\/index.php?rest_route=\/wp\/v2\/pages\/87","targetHints":{"allow":["GET"]}}],"collection":[{"href":"https:\/\/www.dbsv.uninsubria.it\/ecoveg\/index.php?rest_route=\/wp\/v2\/pages"}],"about":[{"href":"https:\/\/www.dbsv.uninsubria.it\/ecoveg\/index.php?rest_route=\/wp\/v2\/types\/page"}],"author":[{"embeddable":true,"href":"https:\/\/www.dbsv.uninsubria.it\/ecoveg\/index.php?rest_route=\/wp\/v2\/users\/1"}],"replies":[{"embeddable":true,"href":"https:\/\/www.dbsv.uninsubria.it\/ecoveg\/index.php?rest_route=%2Fwp%2Fv2%2Fcomments&post=87"}],"version-history":[{"count":2,"href":"https:\/\/www.dbsv.uninsubria.it\/ecoveg\/index.php?rest_route=\/wp\/v2\/pages\/87\/revisions"}],"predecessor-version":[{"id":90,"href":"https:\/\/www.dbsv.uninsubria.it\/ecoveg\/index.php?rest_route=\/wp\/v2\/pages\/87\/revisions\/90"}],"wp:attachment":[{"href":"https:\/\/www.dbsv.uninsubria.it\/ecoveg\/index.php?rest_route=%2Fwp%2Fv2%2Fmedia&parent=87"}],"curies":[{"name":"wp","href":"https:\/\/api.w.org\/{rel}","templated":true}]}}