{"id":19,"date":"2014-09-03T14:46:24","date_gmt":"2014-09-03T12:46:24","guid":{"rendered":"http:\/\/www.dbsv.uninsubria.it\/phdbbtc\/?page_id=19"},"modified":"2024-04-26T12:10:25","modified_gmt":"2024-04-26T10:10:25","slug":"attivita-didattica","status":"publish","type":"page","link":"https:\/\/www.dbsv.uninsubria.it\/phdbbtc\/?page_id=19","title":{"rendered":"Didactic activities"},"content":{"rendered":"<h4><a href=\"http:\/\/www.dbsv.uninsubria.it\/phdbbtc\/wp-content\/uploads\/2017\/10\/logo_dottorato.jpg\"><img loading=\"lazy\" decoding=\"async\" class=\"wp-image-1071 aligncenter\" src=\"http:\/\/www.dbsv.uninsubria.it\/phdbbtc\/wp-content\/uploads\/2017\/10\/logo_dottorato-300x136.jpg\" alt=\"\" width=\"444\" height=\"201\" srcset=\"https:\/\/www.dbsv.uninsubria.it\/phdbbtc\/wp-content\/uploads\/2017\/10\/logo_dottorato-300x136.jpg 300w, https:\/\/www.dbsv.uninsubria.it\/phdbbtc\/wp-content\/uploads\/2017\/10\/logo_dottorato.jpg 354w\" sizes=\"auto, (max-width: 444px) 100vw, 444px\" \/><\/a><\/h4>\n<h3>\u00a0<\/h3>\n<h3 style=\"text-align: center;\"><span style=\"color: #000000;\"><strong>Academic year 2023-2024<\/strong><\/span><\/h3>\n<p><strong>Teaching activity provides for partecipation in specific courses, seminars and educational events planned by our teachers. You can find dates and informations on this page. We recommend looking at the page just before the events because time and locations could change.\u00a0<\/strong><\/p>\n<p style=\"text-align: left;\"><strong>Attendance is sometimes mandatory for the students and generally open to everyone.<\/strong><\/p>\n<p><em>Le attivit\u00e0 didattiche prevedono la partecipazione a corsi specifici, seminari e altre attivit\u00e0 formative organizzate dai nostri docenti. Su questa pagina potrete trovare le date relative e tutte le altre informazioni utili. Raccomandiamo per\u00f2 di reperire le informazioni appena prima della data dell&#8217;evento stesso perch\u00e9 l&#8217;ora e il luogo potrebbero variare. La partecipazione \u00e8 obbligatoria per alcuni corsi e in genere \u00e8 aperta a tutti gli interessati<\/em><\/p>\n<h4><a href=\"http:\/\/www.dbsv.uninsubria.it\/phdbbtc\/wp-content\/uploads\/2024\/04\/Teaching-activities-seminars-23_24.pdf\"><span style=\"color: #0000ff;\">Teaching schedule 2023-2024<\/span><\/a><\/h4>\n<h4 style=\"text-align: left;\"><a href=\"http:\/\/www.dbsv.uninsubria.it\/phdbbtc\/wp-content\/uploads\/2024\/04\/Teaching-activities-seminars-23_24.pdf\"><span style=\"color: #0000ff;\"><strong>Teaching activities 2023-2024<\/strong><\/span><\/a><\/h4>\n<h4 style=\"text-align: left;\"><a href=\"http:\/\/www.dbsv.uninsubria.it\/phdbbtc\/wp-content\/uploads\/2022\/12\/Bioinformatics-scheda.pdf\"><span style=\"color: #0000ff;\">Bioinformatics<\/span><\/a><\/h4>\n<h4 style=\"text-align: left;\"><span style=\"color: #0000ff;\"><strong><a style=\"color: #0000ff;\" href=\"http:\/\/www.dbsv.uninsubria.it\/phdbbtc\/wp-content\/uploads\/2022\/12\/Biostatistics-scheda.pdf\" target=\"_blank\" rel=\"noopener\">Biostatistics<\/a><\/strong><\/span><\/h4>\n<h4 style=\"text-align: left;\"><a href=\"http:\/\/www.dbsv.uninsubria.it\/phdbbtc\/wp-content\/uploads\/2022\/12\/Transversal-skills-scheda.pdf\"><span style=\"color: #0000ff;\">Transversal skills<\/span><\/a><\/h4>\n<h4 style=\"text-align: left;\"><span style=\"color: #0000ff;\"><strong><a style=\"color: #0000ff;\" href=\"http:\/\/www.dbsv.uninsubria.it\/phdbbtc\/wp-content\/uploads\/2022\/12\/Trends-in-Biomedical-Sciences-scheda.pdf\" target=\"_blank\" rel=\"noopener\">Trends in Biomedical Sciences<\/a><\/strong><\/span><\/h4>\n<h4 style=\"text-align: left;\"><span style=\"color: #0000ff;\"><strong><a style=\"color: #0000ff;\" href=\"http:\/\/www.dbsv.uninsubria.it\/phdbbtc\/wp-content\/uploads\/2022\/12\/Trends-in-Biomolecular-Science-scheda.pdf\" target=\"_blank\" rel=\"noopener\">Trends in Biomolecular Science<\/a><\/strong><\/span><\/h4>\n<h4><a href=\"http:\/\/www.dbsv.uninsubria.it\/phdbbtc\/wp-content\/uploads\/2023\/11\/ENTer-2023-2024.pdf\" target=\"_blank\" rel=\"noopener\"><span style=\"color: #0000ff;\">ENTer seminars 2024<\/span><\/a><\/h4>\n<h4><span style=\"color: #0000ff;\"> <a style=\"color: #0000ff;\" href=\"http:\/\/www.dbsv.uninsubria.it\/phdbbtc\/wp-content\/uploads\/2023\/11\/Didactic-activities-borrowed-from-other-PhD-Courses.pdf\" aria-label=\"\u201cDidactic activities borrowed from other PhD Courses\u201d (Modifica)\">Didactic activities borrowed from other PhD Courses<\/a><\/span><\/h4>\n<h4><a href=\"http:\/\/www.dbsv.uninsubria.it\/phdbbtc\/wp-content\/uploads\/2023\/11\/Innovation-Camp.pdf\"><strong><span style=\"color: #0000ff;\">Innovation camp<\/span><\/strong><\/a><\/h4>\n<hr \/>\n<p style=\"text-align: center;\">\u00a0<\/p>\n\n\n<p><\/p>\n","protected":false},"excerpt":{"rendered":"<p>\u00a0 Academic year 2023-2024 Teaching activity provides for partecipation in specific courses, seminars and educational events planned by our teachers. You can find dates and informations on this page. We recommend looking at the page just before the events because time and locations could change.\u00a0 Attendance is sometimes mandatory for the students and generally open [&hellip;]<\/p>\n","protected":false},"author":1,"featured_media":0,"parent":0,"menu_order":0,"comment_status":"closed","ping_status":"closed","template":"","meta":{"footnotes":""},"class_list":["post-19","page","type-page","status-publish","hentry"],"_links":{"self":[{"href":"https:\/\/www.dbsv.uninsubria.it\/phdbbtc\/index.php?rest_route=\/wp\/v2\/pages\/19","targetHints":{"allow":["GET"]}}],"collection":[{"href":"https:\/\/www.dbsv.uninsubria.it\/phdbbtc\/index.php?rest_route=\/wp\/v2\/pages"}],"about":[{"href":"https:\/\/www.dbsv.uninsubria.it\/phdbbtc\/index.php?rest_route=\/wp\/v2\/types\/page"}],"author":[{"embeddable":true,"href":"https:\/\/www.dbsv.uninsubria.it\/phdbbtc\/index.php?rest_route=\/wp\/v2\/users\/1"}],"replies":[{"embeddable":true,"href":"https:\/\/www.dbsv.uninsubria.it\/phdbbtc\/index.php?rest_route=%2Fwp%2Fv2%2Fcomments&post=19"}],"version-history":[{"count":587,"href":"https:\/\/www.dbsv.uninsubria.it\/phdbbtc\/index.php?rest_route=\/wp\/v2\/pages\/19\/revisions"}],"predecessor-version":[{"id":1982,"href":"https:\/\/www.dbsv.uninsubria.it\/phdbbtc\/index.php?rest_route=\/wp\/v2\/pages\/19\/revisions\/1982"}],"wp:attachment":[{"href":"https:\/\/www.dbsv.uninsubria.it\/phdbbtc\/index.php?rest_route=%2Fwp%2Fv2%2Fmedia&parent=19"}],"curies":[{"name":"wp","href":"https:\/\/api.w.org\/{rel}","templated":true}]}}