{"id":23,"date":"2014-09-03T14:58:11","date_gmt":"2014-09-03T12:58:11","guid":{"rendered":"http:\/\/www.dbsv.uninsubria.it\/phdbbtc\/?page_id=23"},"modified":"2021-02-09T11:15:55","modified_gmt":"2021-02-09T10:15:55","slug":"struttura-del-corso-curricula","status":"publish","type":"page","link":"https:\/\/www.dbsv.uninsubria.it\/phdbbtc\/?page_id=23","title":{"rendered":"COURSE"},"content":{"rendered":"<h4 style=\"text-align: center;\"><a href=\"http:\/\/www.dbsv.uninsubria.it\/phdbbtc\/wp-content\/uploads\/2017\/10\/logo_dottorato.jpg\"><img loading=\"lazy\" decoding=\"async\" class=\"alignnone  wp-image-1071\" src=\"http:\/\/www.dbsv.uninsubria.it\/phdbbtc\/wp-content\/uploads\/2017\/10\/logo_dottorato-300x136.jpg\" alt=\"\" width=\"436\" height=\"198\" srcset=\"https:\/\/www.dbsv.uninsubria.it\/phdbbtc\/wp-content\/uploads\/2017\/10\/logo_dottorato-300x136.jpg 300w, https:\/\/www.dbsv.uninsubria.it\/phdbbtc\/wp-content\/uploads\/2017\/10\/logo_dottorato.jpg 354w\" sizes=\"auto, (max-width: 436px) 100vw, 436px\" \/><\/a><\/h4>\n<h3>Description<\/h3>\n<p><strong>This PhD program represents an educational and research proposal of \u201cinnovative courses\u201d based on an interdisciplinary approach to the issues related to life sciences. The PhD course aims to face with basic research issues with a biotechnological approach, by using different model systems in the biology, biomedicine and (bio)chemistry fields.<\/strong><\/p>\n<p><strong>The activities have been planned to train a professional figure able to participate to both academic and industrial research activities, highly qualified and skilled to perform scientific investigations, to analyze and evaluate experimental results, to propose and verify scientific hypotheses, to organize and plan a research project, and to communicate the gathered results.<\/strong><\/p>\n<p><strong>The course aims to prepare PhDs in fundamental fields of life sciences where they can interact and integrate skills arising from basic knowledge in biological, cellular and molecular processes and from industrial and applied biomedical aspects. A main goal is to reach a high level of internationalization through the involvement in the research activities of foreign teachers, the opportunity to spend research periods in abroad laboratories and to participate to joined international projects.<\/strong><\/p>\n<p><em>Il progetto formativo si inserisce tra le proposte di dottorati innovativi di tipo interdisciplinare poich\u00e9 tende alla sintesi multidisciplinare dei problemi nelle scienze della vita. Il Corso di Dottorato intende affrontare tematiche di ricerca di base in prospettiva biotecnologica, utilizzando vari sistemi-modello nei campi della biologia, biomedicina e (bio)chimica. La preparazione dei dottorandi \u00e8 volta a formare una figura professionale che possa integrarsi sia nella ricerca accademica che industriale, altamente qualificata e capace nel condurre indagini scientifiche, nell\u2019analizzare ed interpretare risultati sperimentali, nel formulare e verificare ipotesi, nell\u2019organizzare e programmare la ricerca, e nel comunicare i risultati ottenuti. La vastit\u00e0 delle tematiche affrontate (caratteristica delle biotecnologie) richiede la definizione di percorsi formativi parzialmente comuni a tutti i dottorandi e in grado poi di differenziarsi nello sviluppo dei progetti di ricerca proposti e affrontati dai docenti del Collegio. Il Corso intende preparare Dottori di Ricerca in campi fondamentali in cui possano interagire e integrarsi competenze derivanti sia da discipline di base biologiche e cellulari-molecolari che applicative industriali e biomediche. Un obiettivo importante \u00e8 il raggiungimento di un buon livello di internazionalizzazione attraverso il coinvolgimento nelle attivit\u00e0 di ricerca di docenti stranieri e soggiorni di studio e di ricerca all\u2019estero. Data la vastit\u00e0 delle tematiche affrontate da un Corso di Dottorato in Scienze della Vita e Biotecnologie, \u00e8 previsto un percorso formativo che punti alla specificit\u00e0 dei profili scientifici attraverso una offerta<\/em> <em>multidisciplinare e variegata di attivit\u00e0 formative ma senza la necessit\u00e0 di organizzazione in curricula.<\/em><\/p>\n<hr>\n<h3>Admission requirements<\/h3>\n<p><strong>An application can be submitted by Italian and foreign citizens who have completed or are completing their graduate studies.<\/strong><\/p>\n<p><strong>Graduate qualifications accepted: all. Graduate qualifications most related to the aims of the PhD course: Biotechnology; Medicine and surgery; Dentistry; Veterinary medicine; Communication sciences; Bio-sciences; Pharmacy; Psychology; Chemistry and Pharmaceutical technologies; Physics; Environmental Sciences; Engineering; Agricultural Sciences; Food Sciences; Zoo-techniques.<\/strong><\/p>\n<p><strong>The candidates can choose to be interviewed either in English or Italian.<\/strong><\/p>\n<p><em>Possono accedere al Dottorato i laureati (laurea Magistrale, Specialistica, a ciclo unico oppure altro titolo di studio conseguito all\u2019estero riconosciuto idoneo) in: Biotecnologie, Medicina e chirurgia, Odontoiatria, Medicina veterinaria, Scienze e tecniche della comunicazione, Scienze biologiche, Farmacia, Psicologia, Chimica e tecnologie farmaceutiche, Scienze fisiche, Scienze ambientali, Ingegneria. Scienze e tecnologie agrarie, Scienze delle<\/em> <em>preparazioni alimentari, Scienze zootecniche e tecnologie animali. I candidati possono scegliere se essere intervistati in italiano o in inglese.<\/em><\/p>\n<hr>\n<h3>Attendance and teaching program<\/h3>\n<p><strong>The teaching activities (both mandatory and optional) associated with each single year of the Course are proposed annually by the PhD School Board and are published on this website.<\/strong><\/p>\n<p><strong>Course start date: November 1st<\/strong><\/p>\n<p><em>Le attivit\u00e0 didattiche (obbligatorie e opzionali) associate ad ogni anno di corso sono definite annualmente dal Collegio dei docenti e vengono pubblicate su questo sito. I corsi cominceranno il primo di Novembre.<\/em><\/p>\n","protected":false},"excerpt":{"rendered":"<p>Description This PhD program represents an educational and research proposal of \u201cinnovative courses\u201d based on an interdisciplinary approach to the issues related to life sciences. The PhD course aims to face with basic research issues with a biotechnological approach, by using different model systems in the biology, biomedicine and (bio)chemistry fields. The activities have been [&hellip;]<\/p>\n","protected":false},"author":1,"featured_media":0,"parent":0,"menu_order":0,"comment_status":"closed","ping_status":"closed","template":"","meta":{"footnotes":""},"class_list":["post-23","page","type-page","status-publish","hentry"],"_links":{"self":[{"href":"https:\/\/www.dbsv.uninsubria.it\/phdbbtc\/index.php?rest_route=\/wp\/v2\/pages\/23","targetHints":{"allow":["GET"]}}],"collection":[{"href":"https:\/\/www.dbsv.uninsubria.it\/phdbbtc\/index.php?rest_route=\/wp\/v2\/pages"}],"about":[{"href":"https:\/\/www.dbsv.uninsubria.it\/phdbbtc\/index.php?rest_route=\/wp\/v2\/types\/page"}],"author":[{"embeddable":true,"href":"https:\/\/www.dbsv.uninsubria.it\/phdbbtc\/index.php?rest_route=\/wp\/v2\/users\/1"}],"replies":[{"embeddable":true,"href":"https:\/\/www.dbsv.uninsubria.it\/phdbbtc\/index.php?rest_route=%2Fwp%2Fv2%2Fcomments&post=23"}],"version-history":[{"count":29,"href":"https:\/\/www.dbsv.uninsubria.it\/phdbbtc\/index.php?rest_route=\/wp\/v2\/pages\/23\/revisions"}],"predecessor-version":[{"id":1760,"href":"https:\/\/www.dbsv.uninsubria.it\/phdbbtc\/index.php?rest_route=\/wp\/v2\/pages\/23\/revisions\/1760"}],"wp:attachment":[{"href":"https:\/\/www.dbsv.uninsubria.it\/phdbbtc\/index.php?rest_route=%2Fwp%2Fv2%2Fmedia&parent=23"}],"curies":[{"name":"wp","href":"https:\/\/api.w.org\/{rel}","templated":true}]}}